{"id":76,"date":"2014-06-28T19:13:47","date_gmt":"2014-06-28T17:13:47","guid":{"rendered":"http:\/\/wirth-landmaschinen.ch\/?page_id=76"},"modified":"2024-08-19T16:54:42","modified_gmt":"2024-08-19T14:54:42","slug":"team","status":"publish","type":"page","link":"http:\/\/wirth-landmaschinen.ch\/?page_id=76","title":{"rendered":"\u00dcber uns"},"content":{"rendered":"<p>Betrieb:<\/p>\n<p>Unser Standort ist im sch\u00f6nen Dorf Wasen im Emmental<\/p>\n<p>Im Betrieb t\u00e4tig sind zur Zeit 7 Angestellte, wovon ein Lernender Landmaschinenmechaniker EFZ im 2. Lehrjahr ist<\/p>\n<p>Familienbetrieb in der 2. Generation<\/p>\n<p>Dienstleistungen:<\/p>\n<p>&#8211; Verkauf und Reparatur von Land-, Forst-, und Kommunalfahrzeugen, sowie Anbauger\u00e4te<\/p>\n<p>&#8211; Verkauf und Reparatur von Kleinger\u00e4ten<\/p>\n<p>&#8211; Stalleinrichtungen\/Tr\u00e4nkeleitungen<\/p>\n<p>&#8211; Quellwasserfassungen\/ Quellwassersanierungen<\/p>\n<p>&#8211; Einpfl\u00fcgen von Leitungen wie ARA-, Wasser-, Jauche- und\u00a0Netzkabel<\/p>\n<p>&#8211; Spezialkonstruktionen<\/p>\n<p>Betriebsmotto:<\/p>\n<p>&#8211; Verkauf von Neumaschinen und Ger\u00e4ten nach Kundenbed\u00fcrfnis angepasst, wir m\u00f6chten zufriedene Kunden!<\/p>\n<p>&#8211; Reparaturen zur Zufriedenheit vom Kunden ausf\u00fchren<\/p>\n<p>&#8211; Umgang mit unseren Mitmenschen soll achtungsvoll und freundlich sein<\/p>\n","protected":false},"excerpt":{"rendered":"<p>Betrieb: Unser Standort ist im sch\u00f6nen Dorf Wasen im Emmental Im Betrieb t\u00e4tig sind zur Zeit 7 Angestellte, wovon ein Lernender Landmaschinenmechaniker EFZ im 2. Lehrjahr ist Familienbetrieb in der 2. Generation Dienstleistungen: &#8211; Verkauf und Reparatur von Land-, Forst-, und Kommunalfahrzeugen, sowie Anbauger\u00e4te &#8211; Verkauf und Reparatur von Kleinger\u00e4ten &#8211; Stalleinrichtungen\/Tr\u00e4nkeleitungen &#8211; Quellwasserfassungen\/ Quellwassersanierungen [&hellip;]<\/p>\n","protected":false},"author":2,"featured_media":0,"parent":0,"menu_order":9,"comment_status":"closed","ping_status":"open","template":"","meta":{"footnotes":""},"class_list":["post-76","page","type-page","status-publish","hentry"],"_links":{"self":[{"href":"http:\/\/wirth-landmaschinen.ch\/index.php?rest_route=\/wp\/v2\/pages\/76","targetHints":{"allow":["GET"]}}],"collection":[{"href":"http:\/\/wirth-landmaschinen.ch\/index.php?rest_route=\/wp\/v2\/pages"}],"about":[{"href":"http:\/\/wirth-landmaschinen.ch\/index.php?rest_route=\/wp\/v2\/types\/page"}],"author":[{"embeddable":true,"href":"http:\/\/wirth-landmaschinen.ch\/index.php?rest_route=\/wp\/v2\/users\/2"}],"replies":[{"embeddable":true,"href":"http:\/\/wirth-landmaschinen.ch\/index.php?rest_route=%2Fwp%2Fv2%2Fcomments&post=76"}],"version-history":[{"count":13,"href":"http:\/\/wirth-landmaschinen.ch\/index.php?rest_route=\/wp\/v2\/pages\/76\/revisions"}],"predecessor-version":[{"id":1147,"href":"http:\/\/wirth-landmaschinen.ch\/index.php?rest_route=\/wp\/v2\/pages\/76\/revisions\/1147"}],"wp:attachment":[{"href":"http:\/\/wirth-landmaschinen.ch\/index.php?rest_route=%2Fwp%2Fv2%2Fmedia&parent=76"}],"curies":[{"name":"wp","href":"https:\/\/api.w.org\/{rel}","templated":true}]}}